{"id":5071,"date":"2026-03-12T13:54:04","date_gmt":"2026-03-12T12:54:04","guid":{"rendered":"https:\/\/it2522.sspu-opava.eu\/?page_id=5071"},"modified":"2026-03-25T10:39:57","modified_gmt":"2026-03-25T09:39:57","slug":"jak-sestavit-pc-navod-krok-za-krokem","status":"publish","type":"page","link":"https:\/\/it2522.sspu-opava.eu\/?page_id=5071","title":{"rendered":"Sestaven\u00ed PC"},"content":{"rendered":"\n<div class=\"wp-block-group\"><div class=\"wp-block-group__inner-container is-layout-constrained wp-block-group-is-layout-constrained\">\n<div class=\"wp-block-group\"><div class=\"wp-block-group__inner-container is-layout-constrained wp-block-group-is-layout-constrained\">\n<div class=\"wp-block-columns is-layout-flex wp-container-core-columns-is-layout-9d6595d7 wp-block-columns-is-layout-flex\">\n<div class=\"wp-block-column is-layout-flow wp-block-column-is-layout-flow\" style=\"flex-basis:100%\">\n<!DOCTYPE html>\n<html lang=\"cs\">\n<head>\n    <meta charset=\"UTF-8\">\n    <title>Jak postavit PC<\/title>\n<\/head>\n<body>\n\n<h1>Jak postavit po\u010d\u00edta\u010d<\/h1>\n\n<h2>1. P\u0159\u00edprava prost\u0159ed\u00ed<\/h2>\n<p>P\u0159iprav si \u010dist\u00fd pracovn\u00ed prostor bez statick\u00e9 elekt\u0159iny. Ide\u00e1ln\u00ed je pracovat na stole bez koberce. P\u0159iprav si v\u0161echny komponenty a pot\u0159ebn\u00e9 n\u00e1\u0159ad\u00ed, hlavn\u011b \u0161roubov\u00e1k.<\/p>\n\n<h2>2. Instalace procesoru<\/h2>\n<p>Procesor vlo\u017e opatrn\u011b do patice na z\u00e1kladn\u00ed desce podle ozna\u010den\u00ed. Netla\u010d silou, m\u011bl by zapadnout s\u00e1m.<\/p>\n\n<h2>3. Instalace RAM<\/h2>\n<p>Pam\u011bti RAM zasu\u0148 do slot\u016f na z\u00e1kladn\u00ed desce, dokud nezacvaknou. Dbej na spr\u00e1vn\u00e9 zarovn\u00e1n\u00ed v\u00fd\u0159ezu.<\/p>\n\n<h2>4. Instalace SSD<\/h2>\n<p>SSD disk p\u0159ipoj k z\u00e1kladn\u00ed desce. M.2 disk se zasune do slotu a p\u0159i\u0161roubuje, SATA disk se zapojuje pomoc\u00ed kabel\u016f.<\/p>\n\n<h2>5. Instalace chladi\u010de na procesor<\/h2>\n<p>Chladi\u010d p\u0159ipevni na procesor podle n\u00e1vodu v\u00fdrobce. Ka\u017ed\u00fd typ chladi\u010de m\u00e1 jin\u00fd zp\u016fsob uchycen\u00ed.<\/p>\n\n<h2>6. Teplovodiv\u00e1 pasta a uchycen\u00ed chladi\u010de<\/h2>\n<p>Na procesor nanes mal\u00e9 mno\u017estv\u00ed teplovodiv\u00e9 pasty (velikost hr\u00e1\u0161ku). Pot\u00e9 p\u0159ipevni chladi\u010d, aby dob\u0159e dol\u00e9hal.<\/p>\n\n<h2>7. Test funk\u010dnosti procesoru a z\u00e1kladn\u00ed desky<\/h2>\n<p>Je vhodn\u00e9 otestovat z\u00e1kladn\u00ed desku a procesor je\u0161t\u011b mimo sk\u0159\u00ed\u0148, abys m\u011bl jistotu, \u017ee funguj\u00ed spr\u00e1vn\u011b.<\/p>\n\n<h2>8. P\u0159\u00edprava sk\u0159\u00edn\u011b a z\u00e1kladn\u00ed desky<\/h2>\n<p>Do sk\u0159\u00edn\u011b nainstaluj distan\u010dn\u00ed sloupky a pot\u00e9 vlo\u017e z\u00e1kladn\u00ed desku, kterou p\u0159i\u0161roubuje\u0161.<\/p>\n\n<h2>9. Instalace vodn\u00edho chlazen\u00ed<\/h2>\n<p>Pokud pou\u017e\u00edv\u00e1\u0161 vodn\u00ed chlazen\u00ed, nainstaluj radi\u00e1tor a blok na procesor podle instrukc\u00ed v\u00fdrobce.<\/p>\n\n<h2>10. Airflow a sm\u011br ventil\u00e1tor\u016f<\/h2>\n<p>Spr\u00e1vn\u00e9 proud\u011bn\u00ed vzduchu je d\u016fle\u017eit\u00e9. P\u0159edn\u00ed ventil\u00e1tory nas\u00e1vaj\u00ed vzduch dovnit\u0159, zadn\u00ed a horn\u00ed ho vyfukuj\u00ed ven.<\/p>\n\n<h2>11. Dokon\u010den\u00ed instalace vodn\u00edho chlazen\u00ed<\/h2>\n<p>P\u0159ipoj pumpu a ventil\u00e1tory ke zdroji nebo z\u00e1kladn\u00ed desce a zkontroluj jejich funk\u010dnost.<\/p>\n\n<h2>12. Instalace grafick\u00e9 karty<\/h2>\n<p>Grafickou kartu vlo\u017e do PCIe slotu a zajisti ji \u0161roubem. P\u0159ipoj nap\u00e1jec\u00ed kabely.<\/p>\n\n<h2>13. Jak zapojit zdroj v po\u010d\u00edta\u010di<\/h2>\n<p>Zdroj p\u0159i\u0161roubuj do sk\u0159\u00edn\u011b a p\u0159iprav kabely pro nap\u00e1jen\u00ed jednotliv\u00fdch komponent.<\/p>\n\n<h2>14. Jak zapojit v\u0161echny kabely k PC<\/h2>\n<p>Zapoj nap\u00e1jen\u00ed z\u00e1kladn\u00ed desky, procesoru, grafick\u00e9 karty, disk\u016f i p\u0159edn\u00edho panelu sk\u0159\u00edn\u011b.<\/p>\n\n<h2>15. Ov\u011b\u0159en\u00ed funk\u010dnosti po\u010d\u00edta\u010de<\/h2>\n<p>Zapni po\u010d\u00edta\u010d a sleduj, zda se zobraz\u00ed BIOS. Pokud ano, z\u00e1kladn\u00ed sestava funguje spr\u00e1vn\u011b.<\/p>\n\n<h2>16. Co d\u011blat, kdy\u017e po\u010d\u00edta\u010d nejde zapnout?<\/h2>\n<p>Zkontroluj v\u0161echny kabely, spr\u00e1vn\u00e9 usazen\u00ed RAM a zapojen\u00ed nap\u00e1jen\u00ed. \u010casto jde o drobnou chybu.<\/p>\n\n<h2>17. Dokon\u010den\u00ed stavby po\u010d\u00edta\u010de<\/h2>\n<p>Uspo\u0159\u00e1dej kabely, zav\u0159i sk\u0159\u00ed\u0148 a p\u0159iprav po\u010d\u00edta\u010d k b\u011b\u017en\u00e9mu pou\u017e\u00edv\u00e1n\u00ed.<\/p>\n\n<h2>18. Jak nainstalovat Windows a ovlada\u010de?<\/h2>\n<p>Nainstaluj opera\u010dn\u00ed syst\u00e9m z USB disku a pot\u00e9 st\u00e1hni pot\u0159ebn\u00e9 ovlada\u010de z web\u016f v\u00fdrobc\u016f.<\/p>\n\n<\/body>\n<\/html>\n<\/div>\n<\/div>\n<\/div><\/div>\n\n\n\n<p>&nbsp;<\/p>\n\n\n\n<nav><\/nav>\n\n\n\n<nav><\/nav>\n\n\n\n<footer>\u00a9 2026 Jak Sestavit PC | V\u0161e o stavb\u011b po\u010d\u00edta\u010de<\/footer>\n\n\n\n<p>&nbsp;<\/p>\n<\/div><\/div>\n\n\n\n<p><\/p>\n","protected":false},"excerpt":{"rendered":"<p>Jak postavit PC Jak postavit po\u010d\u00edta\u010d 1. P\u0159\u00edprava prost\u0159ed\u00ed P\u0159iprav si \u010dist\u00fd pracovn\u00ed prostor bez statick\u00e9 elekt\u0159iny. Ide\u00e1ln\u00ed je pracovat na stole bez koberce. P\u0159iprav si v\u0161echny komponenty a pot\u0159ebn\u00e9 n\u00e1\u0159ad\u00ed, hlavn\u011b \u0161roubov\u00e1k. 2. Instalace procesoru Procesor vlo\u017e opatrn\u011b do patice na z\u00e1kladn\u00ed desce podle ozna\u010den\u00ed. Netla\u010d silou, m\u011bl by zapadnout s\u00e1m. 3. Instalace RAM &hellip; <\/p>\n<p class=\"link-more\"><a href=\"https:\/\/it2522.sspu-opava.eu\/?page_id=5071\" class=\"more-link\">Pokra\u010dovat ve \u010dten\u00ed<span class=\"screen-reader-text\"> &#8222;Sestaven\u00ed PC&#8220;<\/span><\/a><\/p>\n","protected":false},"author":1,"featured_media":0,"parent":0,"menu_order":0,"comment_status":"closed","ping_status":"closed","template":"","meta":{"footnotes":""},"class_list":["post-5071","page","type-page","status-publish","hentry"],"_links":{"self":[{"href":"https:\/\/it2522.sspu-opava.eu\/index.php?rest_route=\/wp\/v2\/pages\/5071","targetHints":{"allow":["GET"]}}],"collection":[{"href":"https:\/\/it2522.sspu-opava.eu\/index.php?rest_route=\/wp\/v2\/pages"}],"about":[{"href":"https:\/\/it2522.sspu-opava.eu\/index.php?rest_route=\/wp\/v2\/types\/page"}],"author":[{"embeddable":true,"href":"https:\/\/it2522.sspu-opava.eu\/index.php?rest_route=\/wp\/v2\/users\/1"}],"replies":[{"embeddable":true,"href":"https:\/\/it2522.sspu-opava.eu\/index.php?rest_route=%2Fwp%2Fv2%2Fcomments&post=5071"}],"version-history":[{"count":23,"href":"https:\/\/it2522.sspu-opava.eu\/index.php?rest_route=\/wp\/v2\/pages\/5071\/revisions"}],"predecessor-version":[{"id":5105,"href":"https:\/\/it2522.sspu-opava.eu\/index.php?rest_route=\/wp\/v2\/pages\/5071\/revisions\/5105"}],"wp:attachment":[{"href":"https:\/\/it2522.sspu-opava.eu\/index.php?rest_route=%2Fwp%2Fv2%2Fmedia&parent=5071"}],"curies":[{"name":"wp","href":"https:\/\/api.w.org\/{rel}","templated":true}]}}